{"id":6146,"date":"2021-08-03T15:24:02","date_gmt":"2021-08-03T13:24:02","guid":{"rendered":"https:\/\/www.engilico.com\/?page_id=6146"},"modified":"2026-01-16T11:53:26","modified_gmt":"2026-01-16T10:53:26","slug":"brochures","status":"publish","type":"page","link":"https:\/\/www.engilico.com\/fr\/brochures\/","title":{"rendered":"Brochures"},"content":{"rendered":"<table>\n<tbody>\n<tr>\n<td><a href=\"https:\/\/www.engilico.com\/WPX\/wp-content\/uploads\/SealScope-FR-EU-0224.pdf\" target=\"_blank\" rel=\"noopener\"><img loading=\"lazy\" decoding=\"async\" class=\"aligncenter wp-image-6074\" src=\"https:\/\/www.engilico.com\/WPX\/wp-content\/uploads\/Sealscope-FR-thumb.png\" alt=\"\" width=\"201\" height=\"279\" \/><\/a><\/p>\n<p style=\"text-align: center;\"><a href=\"https:\/\/www.engilico.com\/WPX\/wp-content\/uploads\/SealScope-FR-EU-0224.pdf\" target=\"_blank\" rel=\"noopener\">SealScope <\/a><\/p>\n<p style=\"text-align: center;\"><a href=\"https:\/\/www.engilico.com\/WPX\/wp-content\/uploads\/SealScope-EN-EU-1025.pdf\" target=\"_blank\" rel=\"noopener\">EN<\/a> &#8211;<a href=\"https:\/\/www.engilico.com\/WPX\/wp-content\/uploads\/SealScope-DE-EU-0225.pdf\" target=\"_blank\" rel=\"noopener\">DE<\/a> &#8211; <a href=\"https:\/\/www.engilico.com\/WPX\/wp-content\/uploads\/SealScope-FR-EU-0224.pdf\" target=\"_blank\" rel=\"noopener\">FR<\/a><\/p>\n<\/td>\n<td><a href=\"https:\/\/www.engilico.com\/WPX\/wp-content\/uploads\/Hyperscope-FR-0324.pdf\"><img loading=\"lazy\" decoding=\"async\" class=\"aligncenter wp-image-8610 \" src=\"https:\/\/www.engilico.com\/WPX\/wp-content\/uploads\/HyperScope_cover_FR.jpg\" alt=\"\" width=\"217\" height=\"295\" srcset=\"https:\/\/www.engilico.com\/WPX\/wp-content\/uploads\/HyperScope_cover_FR.jpg 208w, https:\/\/www.engilico.com\/WPX\/wp-content\/uploads\/HyperScope_cover_FR-125x170.jpg 125w, https:\/\/www.engilico.com\/WPX\/wp-content\/uploads\/HyperScope_cover_FR-100x136.jpg 100w\" sizes=\"auto, (max-width: 217px) 100vw, 217px\" \/><\/a><\/p>\n<p style=\"text-align: center;\"><a href=\"https:\/\/www.engilico.com\/WPX\/wp-content\/uploads\/Hyperscope-FR-0324.pdf\" target=\"_blank\" rel=\"noopener\">HyperScope<\/a><\/p>\n<p style=\"text-align: center;\"><a href=\"https:\/\/www.engilico.com\/WPX\/wp-content\/uploads\/Hyperscope-EN-EU-0224.pdf\" target=\"_blank\" rel=\"noopener\">EN<\/a> &#8211; <a href=\"https:\/\/www.engilico.com\/WPX\/wp-content\/uploads\/Hyperscope-DE-0324-1.pdf\" target=\"_blank\" rel=\"noopener\">DE<\/a> &#8211; <a href=\"https:\/\/www.engilico.com\/WPX\/wp-content\/uploads\/Hyperscope-FR-0324.pdf\" target=\"_blank\" rel=\"noopener\">FR<\/a><\/p>\n<\/td>\n<td><a href=\"https:\/\/www.engilico.com\/WPX\/wp-content\/uploads\/Newsmagazine-VOL2-FR_2024-1.pdf\"><img loading=\"lazy\" decoding=\"async\" class=\"wp-image-8891 aligncenter\" src=\"https:\/\/www.engilico.com\/WPX\/wp-content\/uploads\/News_FR_cover_2024b.jpg\" alt=\"\" width=\"245\" height=\"275\" srcset=\"https:\/\/www.engilico.com\/WPX\/wp-content\/uploads\/News_FR_cover_2024b.jpg 375w, https:\/\/www.engilico.com\/WPX\/wp-content\/uploads\/News_FR_cover_2024b-267x300.jpg 267w, https:\/\/www.engilico.com\/WPX\/wp-content\/uploads\/News_FR_cover_2024b-151x170.jpg 151w, https:\/\/www.engilico.com\/WPX\/wp-content\/uploads\/News_FR_cover_2024b-100x113.jpg 100w\" sizes=\"auto, (max-width: 245px) 100vw, 245px\" \/><\/a><\/p>\n<p style=\"text-align: center;\"><a href=\"https:\/\/www.engilico.com\/WPX\/wp-content\/uploads\/Newsmagazine-VOL2-FR_2024-1.pdf\" target=\"_blank\" rel=\"noopener\">NewsMagazine (FR)<\/a><\/p>\n<p style=\"text-align: center;\"><a href=\"https:\/\/www.engilico.com\/WPX\/wp-content\/uploads\/Newsmagazine-VOL2-EN_102025.pdf\" target=\"_blank\" rel=\"noopener\">EN<\/a> &#8211; <a href=\"https:\/\/www.engilico.com\/WPX\/wp-content\/uploads\/Newsmagazine-VOL1-DE_092024.pdf\">DE<\/a> &#8211; <a href=\"https:\/\/www.engilico.com\/WPX\/wp-content\/uploads\/Newsmagazine-VOL2-FR_2024-1.pdf\" target=\"_blank\" rel=\"noopener\">FR<\/a><\/p>\n<\/td>\n<\/tr>\n<\/tbody>\n<\/table>\n","protected":false},"excerpt":{"rendered":"<p>SealScope EN &#8211;DE &#8211; FR HyperScope EN &#8211; DE &#8211; FR NewsMagazine (FR) EN &#8211; DE &#8211; FR<\/p>\n","protected":false},"author":8,"featured_media":0,"parent":0,"menu_order":0,"comment_status":"closed","ping_status":"closed","template":"","meta":{"footnotes":""},"class_list":["post-6146","page","type-page","status-publish","hentry","no-post-thumbnail"],"yoast_head":"<!-- This site is optimized with the Yoast SEO plugin v27.4 - https:\/\/yoast.com\/product\/yoast-seo-wordpress\/ -->\n<title>Brochures - Engilico<\/title>\n<meta name=\"description\" content=\"T\u00e9l\u00e9chargez nos brochures SealScope ou HyperScope ou notre Newsmagazine. Si vous avez des questions ou des remarques, n&#039;h\u00e9sitez pas \u00e0 nous contacter via marketing@engilico.com.\" \/>\n<meta name=\"robots\" content=\"index, follow, max-snippet:-1, max-image-preview:large, max-video-preview:-1\" \/>\n<link rel=\"canonical\" href=\"https:\/\/www.engilico.com\/fr\/brochures\/\" \/>\n<meta property=\"og:locale\" content=\"fr_FR\" \/>\n<meta property=\"og:type\" content=\"article\" \/>\n<meta property=\"og:title\" content=\"Brochures - Engilico\" \/>\n<meta property=\"og:description\" content=\"T\u00e9l\u00e9chargez nos brochures SealScope ou HyperScope ou notre Newsmagazine. Si vous avez des questions ou des remarques, n&#039;h\u00e9sitez pas \u00e0 nous contacter via marketing@engilico.com.\" \/>\n<meta property=\"og:url\" content=\"https:\/\/www.engilico.com\/fr\/brochures\/\" \/>\n<meta property=\"og:site_name\" content=\"Engilico\" \/>\n<meta property=\"article:modified_time\" content=\"2026-01-16T10:53:26+00:00\" \/>\n<meta property=\"og:image\" content=\"https:\/\/www.engilico.com\/WPX\/wp-content\/uploads\/hyperscope-brochure-cover-e1701703875722.jpg\" \/>\n\t<meta property=\"og:image:width\" content=\"280\" \/>\n\t<meta property=\"og:image:height\" content=\"359\" \/>\n\t<meta property=\"og:image:type\" content=\"image\/jpeg\" \/>\n<meta name=\"twitter:label1\" content=\"Dur\u00e9e de lecture estim\u00e9e\" \/>\n\t<meta name=\"twitter:data1\" content=\"1 minute\" \/>\n<script type=\"application\/ld+json\" class=\"yoast-schema-graph\">{\"@context\":\"https:\\\/\\\/schema.org\",\"@graph\":[{\"@type\":\"WebPage\",\"@id\":\"https:\\\/\\\/www.engilico.com\\\/fr\\\/brochures\\\/\",\"url\":\"https:\\\/\\\/www.engilico.com\\\/fr\\\/brochures\\\/\",\"name\":\"Brochures - Engilico\",\"isPartOf\":{\"@id\":\"https:\\\/\\\/www.engilico.com\\\/fr\\\/#website\"},\"primaryImageOfPage\":{\"@id\":\"https:\\\/\\\/www.engilico.com\\\/fr\\\/brochures\\\/#primaryimage\"},\"image\":{\"@id\":\"https:\\\/\\\/www.engilico.com\\\/fr\\\/brochures\\\/#primaryimage\"},\"thumbnailUrl\":\"https:\\\/\\\/www.engilico.com\\\/WPX\\\/wp-content\\\/uploads\\\/Sealscope-FR-thumb.png\",\"datePublished\":\"2021-08-03T13:24:02+00:00\",\"dateModified\":\"2026-01-16T10:53:26+00:00\",\"description\":\"T\u00e9l\u00e9chargez nos brochures SealScope ou HyperScope ou notre Newsmagazine. Si vous avez des questions ou des remarques, n'h\u00e9sitez pas \u00e0 nous contacter via marketing@engilico.com.\",\"breadcrumb\":{\"@id\":\"https:\\\/\\\/www.engilico.com\\\/fr\\\/brochures\\\/#breadcrumb\"},\"inLanguage\":\"fr-FR\",\"potentialAction\":[{\"@type\":\"ReadAction\",\"target\":[\"https:\\\/\\\/www.engilico.com\\\/fr\\\/brochures\\\/\"]}]},{\"@type\":\"ImageObject\",\"inLanguage\":\"fr-FR\",\"@id\":\"https:\\\/\\\/www.engilico.com\\\/fr\\\/brochures\\\/#primaryimage\",\"url\":\"https:\\\/\\\/www.engilico.com\\\/WPX\\\/wp-content\\\/uploads\\\/Sealscope-FR-thumb.png\",\"contentUrl\":\"https:\\\/\\\/www.engilico.com\\\/WPX\\\/wp-content\\\/uploads\\\/Sealscope-FR-thumb.png\"},{\"@type\":\"BreadcrumbList\",\"@id\":\"https:\\\/\\\/www.engilico.com\\\/fr\\\/brochures\\\/#breadcrumb\",\"itemListElement\":[{\"@type\":\"ListItem\",\"position\":1,\"name\":\"Home\",\"item\":\"https:\\\/\\\/www.engilico.com\\\/fr\\\/\"},{\"@type\":\"ListItem\",\"position\":2,\"name\":\"Brochures\"}]},{\"@type\":\"WebSite\",\"@id\":\"https:\\\/\\\/www.engilico.com\\\/fr\\\/#website\",\"url\":\"https:\\\/\\\/www.engilico.com\\\/fr\\\/\",\"name\":\"Engilico\",\"description\":\"Inspection et surveillance en continu des soudures pour les meilleurs r\u00e9sultats d\u2019emballage.\",\"potentialAction\":[{\"@type\":\"SearchAction\",\"target\":{\"@type\":\"EntryPoint\",\"urlTemplate\":\"https:\\\/\\\/www.engilico.com\\\/fr\\\/?s={search_term_string}\"},\"query-input\":{\"@type\":\"PropertyValueSpecification\",\"valueRequired\":true,\"valueName\":\"search_term_string\"}}],\"inLanguage\":\"fr-FR\"}]}<\/script>\n<!-- \/ Yoast SEO plugin. -->","yoast_head_json":{"title":"Brochures - Engilico","description":"T\u00e9l\u00e9chargez nos brochures SealScope ou HyperScope ou notre Newsmagazine. Si vous avez des questions ou des remarques, n'h\u00e9sitez pas \u00e0 nous contacter via marketing@engilico.com.","robots":{"index":"index","follow":"follow","max-snippet":"max-snippet:-1","max-image-preview":"max-image-preview:large","max-video-preview":"max-video-preview:-1"},"canonical":"https:\/\/www.engilico.com\/fr\/brochures\/","og_locale":"fr_FR","og_type":"article","og_title":"Brochures - Engilico","og_description":"T\u00e9l\u00e9chargez nos brochures SealScope ou HyperScope ou notre Newsmagazine. Si vous avez des questions ou des remarques, n'h\u00e9sitez pas \u00e0 nous contacter via marketing@engilico.com.","og_url":"https:\/\/www.engilico.com\/fr\/brochures\/","og_site_name":"Engilico","article_modified_time":"2026-01-16T10:53:26+00:00","og_image":[{"width":280,"height":359,"url":"https:\/\/www.engilico.com\/WPX\/wp-content\/uploads\/hyperscope-brochure-cover-e1701703875722.jpg","type":"image\/jpeg"}],"twitter_misc":{"Dur\u00e9e de lecture estim\u00e9e":"1 minute"},"schema":{"@context":"https:\/\/schema.org","@graph":[{"@type":"WebPage","@id":"https:\/\/www.engilico.com\/fr\/brochures\/","url":"https:\/\/www.engilico.com\/fr\/brochures\/","name":"Brochures - Engilico","isPartOf":{"@id":"https:\/\/www.engilico.com\/fr\/#website"},"primaryImageOfPage":{"@id":"https:\/\/www.engilico.com\/fr\/brochures\/#primaryimage"},"image":{"@id":"https:\/\/www.engilico.com\/fr\/brochures\/#primaryimage"},"thumbnailUrl":"https:\/\/www.engilico.com\/WPX\/wp-content\/uploads\/Sealscope-FR-thumb.png","datePublished":"2021-08-03T13:24:02+00:00","dateModified":"2026-01-16T10:53:26+00:00","description":"T\u00e9l\u00e9chargez nos brochures SealScope ou HyperScope ou notre Newsmagazine. Si vous avez des questions ou des remarques, n'h\u00e9sitez pas \u00e0 nous contacter via marketing@engilico.com.","breadcrumb":{"@id":"https:\/\/www.engilico.com\/fr\/brochures\/#breadcrumb"},"inLanguage":"fr-FR","potentialAction":[{"@type":"ReadAction","target":["https:\/\/www.engilico.com\/fr\/brochures\/"]}]},{"@type":"ImageObject","inLanguage":"fr-FR","@id":"https:\/\/www.engilico.com\/fr\/brochures\/#primaryimage","url":"https:\/\/www.engilico.com\/WPX\/wp-content\/uploads\/Sealscope-FR-thumb.png","contentUrl":"https:\/\/www.engilico.com\/WPX\/wp-content\/uploads\/Sealscope-FR-thumb.png"},{"@type":"BreadcrumbList","@id":"https:\/\/www.engilico.com\/fr\/brochures\/#breadcrumb","itemListElement":[{"@type":"ListItem","position":1,"name":"Home","item":"https:\/\/www.engilico.com\/fr\/"},{"@type":"ListItem","position":2,"name":"Brochures"}]},{"@type":"WebSite","@id":"https:\/\/www.engilico.com\/fr\/#website","url":"https:\/\/www.engilico.com\/fr\/","name":"Engilico","description":"Inspection et surveillance en continu des soudures pour les meilleurs r\u00e9sultats d\u2019emballage.","potentialAction":[{"@type":"SearchAction","target":{"@type":"EntryPoint","urlTemplate":"https:\/\/www.engilico.com\/fr\/?s={search_term_string}"},"query-input":{"@type":"PropertyValueSpecification","valueRequired":true,"valueName":"search_term_string"}}],"inLanguage":"fr-FR"}]}},"_links":{"self":[{"href":"https:\/\/www.engilico.com\/fr\/wp-json\/wp\/v2\/pages\/6146","targetHints":{"allow":["GET"]}}],"collection":[{"href":"https:\/\/www.engilico.com\/fr\/wp-json\/wp\/v2\/pages"}],"about":[{"href":"https:\/\/www.engilico.com\/fr\/wp-json\/wp\/v2\/types\/page"}],"author":[{"embeddable":true,"href":"https:\/\/www.engilico.com\/fr\/wp-json\/wp\/v2\/users\/8"}],"replies":[{"embeddable":true,"href":"https:\/\/www.engilico.com\/fr\/wp-json\/wp\/v2\/comments?post=6146"}],"version-history":[{"count":38,"href":"https:\/\/www.engilico.com\/fr\/wp-json\/wp\/v2\/pages\/6146\/revisions"}],"predecessor-version":[{"id":9709,"href":"https:\/\/www.engilico.com\/fr\/wp-json\/wp\/v2\/pages\/6146\/revisions\/9709"}],"wp:attachment":[{"href":"https:\/\/www.engilico.com\/fr\/wp-json\/wp\/v2\/media?parent=6146"}],"curies":[{"name":"wp","href":"https:\/\/api.w.org\/{rel}","templated":true}]}}