{"id":7189,"date":"2022-07-07T17:25:56","date_gmt":"2022-07-07T15:25:56","guid":{"rendered":"https:\/\/www.engilico.com\/?page_id=7189"},"modified":"2022-08-30T14:12:01","modified_gmt":"2022-08-30T12:12:01","slug":"mesure-de-hauteur-des-soudures","status":"publish","type":"page","link":"https:\/\/www.engilico.com\/fr\/inspection-en-ligne-de-100-des-soudures-pour-de-meilleurs-resultats-demballage\/mesure-de-hauteur-des-soudures\/","title":{"rendered":"Mesure de hauteur des soudures"},"content":{"rendered":"<p><strong>Une meilleure qualit\u00e9 d&#8217;emballage gr\u00e2ce \u00e0 l&rsquo;inspection de la hauteur des scell\u00e9s<\/strong><\/p>\n<p>Une hauteur de scellage correcte est essentielle pour la qualit\u00e9 du produit final. Les probl\u00e8mes de hauteur de scellage peuvent conduire \u00e0 des emballages ouverts ou qui fuient, ce qui peut perturber le processus d&#8217;emballage ou entra\u00eener des plaintes des clients. De plus, pour des raisons esth\u00e9tiques, une hauteur de scellage visuellement correcte est n\u00e9cessaire. En ajoutant le capteur de mesure de la hauteur de scellage \u00e0 une configuration SealScope\u00ae, il est possible d&rsquo;\u00e9liminer automatiquement les produits pr\u00e9sentant des probl\u00e8mes de hauteur de scellage pendant le processus d&#8217;emballage.<\/p>\n<p><strong>CARACT\u00c9RISTIQUES PRINCIPALES<\/strong><br \/>\n\u2713 La hauteur de scellage est un indicateur cl\u00e9 de la qualit\u00e9 de l&#8217;emballage.<br \/>\n\u2713 D\u00e9tecte les scell\u00e9s trop grands, trop \u00e9troits ou effil\u00e9s.<br \/>\n\u2713 Applicable aux machines \u00e0 poches horizontales et rotatives<br \/>\n\u2713 Enti\u00e8rement int\u00e9gr\u00e9 au logiciel SealScope\u00ae ;<br \/>\n\u2713 R\u00e9trofit possible sur les installations SealScope\u00ae existantes.<\/p>\n<p>Le capteur de mesure de la hauteur de scellage et la fonctionnalit\u00e9 sont enti\u00e8rement int\u00e9gr\u00e9s dans le logiciel SealScope\u00ae. La vue d&rsquo;ensemble de l&rsquo;\u00e9tat d&rsquo;\u00e9tanch\u00e9it\u00e9 affiche des r\u00e9sultats de mesure de la hauteur et de la conicit\u00e9 du joint faciles \u00e0 interpr\u00e9ter et \u00e9valu\u00e9s dans les tol\u00e9rances d\u00e9finies par l&rsquo;utilisateur. Une analyse d\u00e9taill\u00e9e est disponible via les param\u00e8tres surveill\u00e9s tels que la hauteur de scellage, la largeur de la poche, l&rsquo;effilement, la lev\u00e9e du scellage, l&rsquo;inclinaison, etc.<\/p>\n<p>Remarque : la fonctionnalit\u00e9 de mesure de la hauteur de scellage est une option du SealScope\u00ae et se compose du capteur, du c\u00e2blage, du kit de montage et du logiciel.<\/p>\n<p><a href=\"mailto:info@engilico.com\">Contactez-nous<\/a> pour plus d&rsquo;informations ou pour valider si la fonctionnalit\u00e9 de mesure de la hauteur des joints est applicable pour vous.<\/p>\n","protected":false},"excerpt":{"rendered":"<p>Une meilleure qualit\u00e9 d&#8217;emballage gr\u00e2ce \u00e0 l&rsquo;inspection de la hauteur des scell\u00e9s Une hauteur de scellage correcte est essentielle pour la qualit\u00e9 du produit final. Les probl\u00e8mes de hauteur de scellage peuvent conduire \u00e0 des emballages ouverts ou qui fuient, ce qui peut perturber le processus d&#8217;emballage ou entra\u00eener des plaintes des clients. De plus, pour des raisons esth\u00e9tiques, une &#8230;<\/p>\n","protected":false},"author":7,"featured_media":0,"parent":6467,"menu_order":0,"comment_status":"closed","ping_status":"closed","template":"","meta":{"footnotes":""},"class_list":["post-7189","page","type-page","status-publish","hentry","no-post-thumbnail"],"yoast_head":"<!-- This site is optimized with the Yoast SEO plugin v27.4 - https:\/\/yoast.com\/product\/yoast-seo-wordpress\/ -->\n<title>Mesure de hauteur des soudures - Engilico<\/title>\n<meta name=\"description\" content=\"En ajoutant le capteur de mesure de la hauteur des soudures \u00e0 une configuration SealScope\u00ae, il est possible d&#039;\u00e9liminer automatiquement les produits dont les soudures sont trop grandes, trop \u00e9troites ou effil\u00e9es.\" \/>\n<meta name=\"robots\" content=\"index, follow, max-snippet:-1, max-image-preview:large, max-video-preview:-1\" \/>\n<link rel=\"canonical\" href=\"https:\/\/www.engilico.com\/fr\/inspection-en-ligne-de-100-des-soudures-pour-de-meilleurs-resultats-demballage\/mesure-de-hauteur-des-soudures\/\" \/>\n<meta property=\"og:locale\" content=\"fr_FR\" \/>\n<meta property=\"og:type\" content=\"article\" \/>\n<meta property=\"og:title\" content=\"Mesure de hauteur des soudures - Engilico\" \/>\n<meta property=\"og:description\" content=\"En ajoutant le capteur de mesure de la hauteur des soudures \u00e0 une configuration SealScope\u00ae, il est possible d&#039;\u00e9liminer automatiquement les produits dont les soudures sont trop grandes, trop \u00e9troites ou effil\u00e9es.\" \/>\n<meta property=\"og:url\" content=\"https:\/\/www.engilico.com\/fr\/inspection-en-ligne-de-100-des-soudures-pour-de-meilleurs-resultats-demballage\/mesure-de-hauteur-des-soudures\/\" \/>\n<meta property=\"og:site_name\" content=\"Engilico\" \/>\n<meta property=\"article:modified_time\" content=\"2022-08-30T12:12:01+00:00\" \/>\n<meta name=\"twitter:label1\" content=\"Dur\u00e9e de lecture estim\u00e9e\" \/>\n\t<meta name=\"twitter:data1\" content=\"2 minutes\" \/>\n<script type=\"application\/ld+json\" class=\"yoast-schema-graph\">{\"@context\":\"https:\\\/\\\/schema.org\",\"@graph\":[{\"@type\":\"WebPage\",\"@id\":\"https:\\\/\\\/www.engilico.com\\\/fr\\\/inspection-en-ligne-de-100-des-soudures-pour-de-meilleurs-resultats-demballage\\\/mesure-de-hauteur-des-soudures\\\/\",\"url\":\"https:\\\/\\\/www.engilico.com\\\/fr\\\/inspection-en-ligne-de-100-des-soudures-pour-de-meilleurs-resultats-demballage\\\/mesure-de-hauteur-des-soudures\\\/\",\"name\":\"Mesure de hauteur des soudures - Engilico\",\"isPartOf\":{\"@id\":\"https:\\\/\\\/www.engilico.com\\\/fr\\\/#website\"},\"datePublished\":\"2022-07-07T15:25:56+00:00\",\"dateModified\":\"2022-08-30T12:12:01+00:00\",\"description\":\"En ajoutant le capteur de mesure de la hauteur des soudures \u00e0 une configuration SealScope\u00ae, il est possible d'\u00e9liminer automatiquement les produits dont les soudures sont trop grandes, trop \u00e9troites ou effil\u00e9es.\",\"breadcrumb\":{\"@id\":\"https:\\\/\\\/www.engilico.com\\\/fr\\\/inspection-en-ligne-de-100-des-soudures-pour-de-meilleurs-resultats-demballage\\\/mesure-de-hauteur-des-soudures\\\/#breadcrumb\"},\"inLanguage\":\"fr-FR\",\"potentialAction\":[{\"@type\":\"ReadAction\",\"target\":[\"https:\\\/\\\/www.engilico.com\\\/fr\\\/inspection-en-ligne-de-100-des-soudures-pour-de-meilleurs-resultats-demballage\\\/mesure-de-hauteur-des-soudures\\\/\"]}]},{\"@type\":\"BreadcrumbList\",\"@id\":\"https:\\\/\\\/www.engilico.com\\\/fr\\\/inspection-en-ligne-de-100-des-soudures-pour-de-meilleurs-resultats-demballage\\\/mesure-de-hauteur-des-soudures\\\/#breadcrumb\",\"itemListElement\":[{\"@type\":\"ListItem\",\"position\":1,\"name\":\"Home\",\"item\":\"https:\\\/\\\/www.engilico.com\\\/fr\\\/\"},{\"@type\":\"ListItem\",\"position\":2,\"name\":\"SealScope\u00ae I Emballages flexibles\",\"item\":\"https:\\\/\\\/www.engilico.com\\\/fr\\\/inspection-en-ligne-de-100-des-soudures-pour-de-meilleurs-resultats-demballage\\\/\"},{\"@type\":\"ListItem\",\"position\":3,\"name\":\"Mesure de hauteur des soudures\"}]},{\"@type\":\"WebSite\",\"@id\":\"https:\\\/\\\/www.engilico.com\\\/fr\\\/#website\",\"url\":\"https:\\\/\\\/www.engilico.com\\\/fr\\\/\",\"name\":\"Engilico\",\"description\":\"Inspection et surveillance en continu des soudures pour les meilleurs r\u00e9sultats d\u2019emballage.\",\"potentialAction\":[{\"@type\":\"SearchAction\",\"target\":{\"@type\":\"EntryPoint\",\"urlTemplate\":\"https:\\\/\\\/www.engilico.com\\\/fr\\\/?s={search_term_string}\"},\"query-input\":{\"@type\":\"PropertyValueSpecification\",\"valueRequired\":true,\"valueName\":\"search_term_string\"}}],\"inLanguage\":\"fr-FR\"}]}<\/script>\n<!-- \/ Yoast SEO plugin. -->","yoast_head_json":{"title":"Mesure de hauteur des soudures - Engilico","description":"En ajoutant le capteur de mesure de la hauteur des soudures \u00e0 une configuration SealScope\u00ae, il est possible d'\u00e9liminer automatiquement les produits dont les soudures sont trop grandes, trop \u00e9troites ou effil\u00e9es.","robots":{"index":"index","follow":"follow","max-snippet":"max-snippet:-1","max-image-preview":"max-image-preview:large","max-video-preview":"max-video-preview:-1"},"canonical":"https:\/\/www.engilico.com\/fr\/inspection-en-ligne-de-100-des-soudures-pour-de-meilleurs-resultats-demballage\/mesure-de-hauteur-des-soudures\/","og_locale":"fr_FR","og_type":"article","og_title":"Mesure de hauteur des soudures - Engilico","og_description":"En ajoutant le capteur de mesure de la hauteur des soudures \u00e0 une configuration SealScope\u00ae, il est possible d'\u00e9liminer automatiquement les produits dont les soudures sont trop grandes, trop \u00e9troites ou effil\u00e9es.","og_url":"https:\/\/www.engilico.com\/fr\/inspection-en-ligne-de-100-des-soudures-pour-de-meilleurs-resultats-demballage\/mesure-de-hauteur-des-soudures\/","og_site_name":"Engilico","article_modified_time":"2022-08-30T12:12:01+00:00","twitter_misc":{"Dur\u00e9e de lecture estim\u00e9e":"2 minutes"},"schema":{"@context":"https:\/\/schema.org","@graph":[{"@type":"WebPage","@id":"https:\/\/www.engilico.com\/fr\/inspection-en-ligne-de-100-des-soudures-pour-de-meilleurs-resultats-demballage\/mesure-de-hauteur-des-soudures\/","url":"https:\/\/www.engilico.com\/fr\/inspection-en-ligne-de-100-des-soudures-pour-de-meilleurs-resultats-demballage\/mesure-de-hauteur-des-soudures\/","name":"Mesure de hauteur des soudures - Engilico","isPartOf":{"@id":"https:\/\/www.engilico.com\/fr\/#website"},"datePublished":"2022-07-07T15:25:56+00:00","dateModified":"2022-08-30T12:12:01+00:00","description":"En ajoutant le capteur de mesure de la hauteur des soudures \u00e0 une configuration SealScope\u00ae, il est possible d'\u00e9liminer automatiquement les produits dont les soudures sont trop grandes, trop \u00e9troites ou effil\u00e9es.","breadcrumb":{"@id":"https:\/\/www.engilico.com\/fr\/inspection-en-ligne-de-100-des-soudures-pour-de-meilleurs-resultats-demballage\/mesure-de-hauteur-des-soudures\/#breadcrumb"},"inLanguage":"fr-FR","potentialAction":[{"@type":"ReadAction","target":["https:\/\/www.engilico.com\/fr\/inspection-en-ligne-de-100-des-soudures-pour-de-meilleurs-resultats-demballage\/mesure-de-hauteur-des-soudures\/"]}]},{"@type":"BreadcrumbList","@id":"https:\/\/www.engilico.com\/fr\/inspection-en-ligne-de-100-des-soudures-pour-de-meilleurs-resultats-demballage\/mesure-de-hauteur-des-soudures\/#breadcrumb","itemListElement":[{"@type":"ListItem","position":1,"name":"Home","item":"https:\/\/www.engilico.com\/fr\/"},{"@type":"ListItem","position":2,"name":"SealScope\u00ae I Emballages flexibles","item":"https:\/\/www.engilico.com\/fr\/inspection-en-ligne-de-100-des-soudures-pour-de-meilleurs-resultats-demballage\/"},{"@type":"ListItem","position":3,"name":"Mesure de hauteur des soudures"}]},{"@type":"WebSite","@id":"https:\/\/www.engilico.com\/fr\/#website","url":"https:\/\/www.engilico.com\/fr\/","name":"Engilico","description":"Inspection et surveillance en continu des soudures pour les meilleurs r\u00e9sultats d\u2019emballage.","potentialAction":[{"@type":"SearchAction","target":{"@type":"EntryPoint","urlTemplate":"https:\/\/www.engilico.com\/fr\/?s={search_term_string}"},"query-input":{"@type":"PropertyValueSpecification","valueRequired":true,"valueName":"search_term_string"}}],"inLanguage":"fr-FR"}]}},"_links":{"self":[{"href":"https:\/\/www.engilico.com\/fr\/wp-json\/wp\/v2\/pages\/7189","targetHints":{"allow":["GET"]}}],"collection":[{"href":"https:\/\/www.engilico.com\/fr\/wp-json\/wp\/v2\/pages"}],"about":[{"href":"https:\/\/www.engilico.com\/fr\/wp-json\/wp\/v2\/types\/page"}],"author":[{"embeddable":true,"href":"https:\/\/www.engilico.com\/fr\/wp-json\/wp\/v2\/users\/7"}],"replies":[{"embeddable":true,"href":"https:\/\/www.engilico.com\/fr\/wp-json\/wp\/v2\/comments?post=7189"}],"version-history":[{"count":1,"href":"https:\/\/www.engilico.com\/fr\/wp-json\/wp\/v2\/pages\/7189\/revisions"}],"predecessor-version":[{"id":7190,"href":"https:\/\/www.engilico.com\/fr\/wp-json\/wp\/v2\/pages\/7189\/revisions\/7190"}],"up":[{"embeddable":true,"href":"https:\/\/www.engilico.com\/fr\/wp-json\/wp\/v2\/pages\/6467"}],"wp:attachment":[{"href":"https:\/\/www.engilico.com\/fr\/wp-json\/wp\/v2\/media?parent=7189"}],"curies":[{"name":"wp","href":"https:\/\/api.w.org\/{rel}","templated":true}]}}